{"id":31,"date":"2025-09-30T20:20:47","date_gmt":"2025-09-30T19:20:47","guid":{"rendered":"https:\/\/liceumbeta.pl\/?page_id=31"},"modified":"2025-10-01T16:10:37","modified_gmt":"2025-10-01T15:10:37","slug":"polityka-prywatnosci","status":"publish","type":"page","link":"https:\/\/liceumbeta.pl\/index.php\/polityka-prywatnosci\/","title":{"rendered":"POLITYKA PRYWATNO\u015aCI"},"content":{"rendered":"\t\t<div data-elementor-type=\"wp-page\" data-elementor-id=\"31\" class=\"elementor elementor-31\">\n\t\t\t\t<div class=\"elementor-element elementor-element-c0b9e77 e-flex e-con-boxed e-con e-parent\" data-id=\"c0b9e77\" data-element_type=\"container\">\n\t\t\t\t\t<div class=\"e-con-inner\">\n\t\t\t\t<div class=\"elementor-element elementor-element-010edc0 elementor-widget elementor-widget-heading\" data-id=\"010edc0\" data-element_type=\"widget\" data-widget_type=\"heading.default\">\n\t\t\t\t\t<h2 class=\"elementor-heading-title elementor-size-default\">POLITYKA PRYWATNO\u015aCI<\/h2>\t\t\t\t<\/div>\n\t\t\t\t\t<\/div>\n\t\t\t\t<\/div>\n\t\t<div class=\"elementor-element elementor-element-96b658e e-flex e-con-boxed e-con e-parent\" data-id=\"96b658e\" data-element_type=\"container\">\n\t\t\t\t\t<div class=\"e-con-inner\">\n\t\t\t\t<div class=\"elementor-element elementor-element-d74cd25 e-n-tabs-mobile elementor-widget elementor-widget-n-tabs\" data-id=\"d74cd25\" data-element_type=\"widget\" data-settings=\"{&quot;tabs_justify_horizontal&quot;:&quot;stretch&quot;,&quot;horizontal_scroll&quot;:&quot;disable&quot;}\" data-widget_type=\"nested-tabs.default\">\n\t\t\t\t\t\t\t<div class=\"e-n-tabs\" data-widget-number=\"225758501\" aria-label=\"Karty. Otwieraj elementy za pomoc\u0105 Enter lub Spacji, zamykaj za pomoc\u0105 Escape i nawiguj za pomoc\u0105 klawiszy strza\u0142ek.\">\n\t\t\t<div class=\"e-n-tabs-heading\" role=\"tablist\">\n\t\t\t\t\t<button id=\"e-n-tab-title-2257585011\" class=\"e-n-tab-title\" aria-selected=\"true\" data-tab-index=\"1\" role=\"tab\" tabindex=\"0\" aria-controls=\"e-n-tab-content-2257585011\" style=\"--n-tabs-title-order: 1;\">\n\t\t\t\t\t\t<span class=\"e-n-tab-title-text\">\n\t\t\t\tOCHRONA DANYCH OSOBOWYCH\t\t\t<\/span>\n\t\t<\/button>\n\t\t\t\t<button id=\"e-n-tab-title-2257585012\" class=\"e-n-tab-title\" aria-selected=\"false\" data-tab-index=\"2\" role=\"tab\" tabindex=\"-1\" aria-controls=\"e-n-tab-content-2257585012\" style=\"--n-tabs-title-order: 2;\">\n\t\t\t\t\t\t<span class=\"e-n-tab-title-text\">\n\t\t\t\tINFORMACJA PUBLICZNA\t\t\t<\/span>\n\t\t<\/button>\n\t\t\t\t\t<\/div>\n\t\t\t<div class=\"e-n-tabs-content\">\n\t\t\t\t<div id=\"e-n-tab-content-2257585011\" role=\"tabpanel\" aria-labelledby=\"e-n-tab-title-2257585011\" data-tab-index=\"1\" style=\"--n-tabs-title-order: 1;\" class=\"e-active elementor-element elementor-element-3474c82 e-con-full e-flex e-con e-child\" data-id=\"3474c82\" data-element_type=\"container\">\n\t\t<div class=\"elementor-element elementor-element-412b16a e-flex e-con-boxed e-con e-child\" data-id=\"412b16a\" data-element_type=\"container\">\n\t\t\t\t\t<div class=\"e-con-inner\">\n\t\t\t\t<div class=\"elementor-element elementor-element-fa219ab elementor-widget elementor-widget-text-editor\" data-id=\"fa219ab\" data-element_type=\"widget\" data-widget_type=\"text-editor.default\">\n\t\t\t\t\t\t\t\t\t<p>Z dniem 25 maja 2018 roku zacz\u0119\u0142y obowi\u0105zywa\u0107 nowe przepisy o ochronie danych osobowych (RODO). W zwi\u0105zku z tym pragniemy poinformowa\u0107 o zasadach przetwarzania danych osobowych przez nasz\u0105 szko\u0142\u0119.<br \/>Dok\u0142adamy wszelkich stara\u0144 w celu ochrony danych przed nieuprawnionym dost\u0119pem, modyfikacj\u0105 czy zniszczeniem, a tak\u017ce regularnie sprawdzamy zgodno\u015b\u0107 naszychproces\u00f3w z wewn\u0119trzn\u0105 Polityk\u0105 Bezpiecze\u0144stwa, gwarantuj\u0105c tym samym bezpiecze\u0144stwo ich przetwarzania.<\/p><p>\u00a0<\/p><p>INFORMACJA DOTYCZ\u0104CA OCHRONY DANYCH OSOBOWYCH<\/p><p>Administratorem Twoich danych osobowych jest Zaoczne Liceum Og\u00f3lnokszta\u0142c\u0105ce \u201eBeta\u201d z siedzib\u0105 w Gdyni, ul. 10 Lutego 26.<br \/>Dane kontaktowe administratora to: kontakt@liceumbeta.pl<br \/>Szko\u0142a mo\u017ce przetwarza\u0107 Twoje dane osobowe, aby:<br \/>realizowa\u0107 obowi\u0105zek edukacyjny;<br \/>przeprowadza\u0107 rekrutacje;<br \/>promowa\u0107 dzia\u0142alno\u015b\u0107 szko\u0142y na szkolnej stronie www, na terenie szko\u0142y oraz za pomoc\u0105 \u015brodk\u00f3w komunikacji elektronicznej;<br \/>zapewnia\u0107 bezpiecze\u0144stwo os\u00f3b i mienia oraz porz\u0105dku publicznego na terenie szko\u0142y;<br \/>prowadzi\u0107 dokumentacj\u0119 ksi\u0119gow\u0105 wszystkich transakcji finansowych;<br \/>realizowa\u0107 umowy z kontrahentami;<\/p><p>W jakim zakresie szko\u0142a mo\u017ce przetwarza\u0107 Twoje dane?<br \/>Imi\u0119, nazwisko, nazwisko rodowe, imiona rodzic\u00f3w, data i miejsce urodzenia, nr i seria dowodu osobistego, adres; telefon kontaktowy; adres e-mail, PESEL; prace, oceny, frekwencja i opinie dot. s\u0142uchacza; historia edukacji s\u0142uchacza; informacje o stanie zdrowia s\u0142uchacza; Tw\u00f3j bank i numer rachunku bankowego, z kt\u00f3rego dokonywa\u0142e\u015b p\u0142atno\u015bci; IP komputera, informacje o urz\u0105dzeniu,<br \/>z kt\u00f3rego korzystasz odwiedzaj\u0105c nasz\u0105 stron\u0119, w tym o jego ustawieniu (np. przegl\u0105darka, rozdzielczo\u015b\u0107 ekranu); dodatkowe informacje o sobie, kt\u00f3re mog\u0142e\u015b zawrze\u0107 w korespondencji e-mail lub tradycyjnej oraz kt\u00f3re mog\u0142e\u015b poda\u0107 w trakcie rozmowy telefonicznej lub osobistej<br \/>z pracownikiem szko\u0142y; Tw\u00f3j podpis; udzielone przez Ciebie zgody.<\/p><p>Na jakiej podstawie szko\u0142a przetwarza Twoje dane?<br \/>ustawa z dnia 14 grudnia 2016 r. Prawo o\u015bwiatowe (Dz. U. 2018.996 t. j. z dnia 2018.05.24) oraz ustawa zdnia 7 wrze\u015bnia 1991 r. o systemie o\u015bwiaty (Dz. U. 2017.2198 t. j. z dnia 2017.11.29)<br \/>przepisami reguluj\u0105cymi dzia\u0142alno\u015b\u0107 szko\u0142y;<br \/>prawnie uzasadniony interes szko\u0142y;<br \/>Twoje pisemne zgody na przetwarzanie.<\/p><p>Jak d\u0142ugo szko\u0142a przetwarza Twoje dane?<br \/>Twoje dane osobowe przechowywane s\u0105 jedynie tak d\u0142ugo jak to jest niezb\u0119dne. Szko\u0142a nie mo\u017ce usuwa\u0107 danych zwi\u0105zanych z obowi\u0105zkiem edukacyjnym. Dane osobowe wykorzystywane w pozosta\u0142ych celach przechowywa\u0107 b\u0119dziemy przez okres 10 lat od uko\u0144czenia przez s\u0142uchacza edukacji w szkole lub wyga\u015bni\u0119cia innych termin\u00f3w wynikaj\u0105cych z przepis\u00f3w prawa.<\/p><p>Komu szko\u0142a przekazuje Twoje dane?<br \/>Nie sprzedajemy Twoich danych, nie udost\u0119pniamy komercyjnie Twoich danych podmiotom trzecim.<br \/>W niekt\u00f3rych sytuacjach mamy prawo przekaza\u0107 dalej Twoje dane \u2013 je\u015bli b\u0119dzie to konieczne, aby\u015bmy<br \/>mogli wykonywa\u0107 nasze obowi\u0105zki.<br \/>Mo\u017cemy przekazywa\u0107 Twoje dane wy\u0142\u0105cznie czterem grupom:<br \/>osobom upowa\u017cnionym przez szko\u0142\u0119 \u2013 naszym pracownikom i wsp\u00f3\u0142pracownikom, kt\u00f3rzy musz\u0105 mie\u0107 dost\u0119p do danych, aby wykonywa\u0107 swoje obowi\u0105zki;<br \/>podmiotom przetwarzaj\u0105cym \u2013 kt\u00f3rym zlecimy czynno\u015bci wymagaj\u0105ce przetwarzania danych;<br \/>innym odbiorcom np. Urz\u0119dowi Miasta, Kuratorium O\u015bwiaty w Gda\u0144sku, MEN, plac\u00f3wkom edukacyjnym z obszaru Unii Europejskiej, dostawcom us\u0142ug pocztowo-kurierskich i innym uprawnionym podmiotom;<br \/>Twoje dane mog\u0105 by\u0107 przekazywane do pa\u0144stw trzecich (m. in. USA) w zwi\u0105zku z wykorzystaniem narz\u0119dzi analitycznych, s\u0142u\u017c\u0105cych do zanonimizowanego \u015bledzenia zachowa\u0144 u\u017cytkownik\u00f3w na szkolnej stronie www, w szczeg\u00f3lno\u015bci takich jak Google Analytics, GemiusTraffic, Chartbeat. Szko\u0142a mo\u017ce wykorzystywa\u0107 formularze Google jako narz\u0119dzie do zbierania prostych danych. Szko\u0142a mo\u017ce przekazywa\u0107 Twoje dane do serwisu Facebook lub podobnych wy\u0142\u0105cznie na podstawie Twojej pisemnej i dobrowolnej zgody.<\/p><p>Twoje uprawnienia?<br \/>\u0e4f prawo \u017c\u0105dania dost\u0119pu do danych osobowych, sprostowania, usuni\u0119cia lub ograniczenia przetwarzaniaoraz prawo przenoszenia danych do innego administratora danych;<br \/>\u0e4f masz tak\u017ce prawo do z\u0142o\u017cenia skargi bezpo\u015brednio do organu nadzoru (od 25 maja 2018 roku jest to Prezes Urz\u0119du Ochrony Danych Osobowych). W ramach wykonania tego uprawnienia powiniene\u015b<br \/>poda\u0107 pe\u0142ny opis zaistnia\u0142ej sytuacji oraz wskaza\u0107 jakie dzia\u0142anie uznajesz za naruszaj\u0105ce Twoje prawa.<\/p><p>Informujemy o mo\u017cliwo\u015bci okresowej aktualizacji niniejszej informacji zgodnie z obowi\u0105zuj\u0105cym prawem (np. je\u015bli wdra\u017camy nowe systemy lub procesy, kt\u00f3re wi\u0105\u017c\u0105 si\u0119 z wykorzystaniem danych osobowych) i w takim przypadku b\u0119dziemy Ci\u0119 odpowiednio informowa\u0107 o wprowadzanych zmianach.<\/p>\t\t\t\t\t\t\t\t<\/div>\n\t\t\t\t\t<\/div>\n\t\t\t\t<\/div>\n\t\t\t\t<\/div>\n\t\t<div id=\"e-n-tab-content-2257585012\" role=\"tabpanel\" aria-labelledby=\"e-n-tab-title-2257585012\" data-tab-index=\"2\" style=\"--n-tabs-title-order: 2;\" class=\" elementor-element elementor-element-a49ecb8 e-con-full e-flex e-con e-child\" data-id=\"a49ecb8\" data-element_type=\"container\">\n\t\t<div class=\"elementor-element elementor-element-82d963d e-flex e-con-boxed e-con e-child\" data-id=\"82d963d\" data-element_type=\"container\">\n\t\t\t\t\t<div class=\"e-con-inner\">\n\t\t\t\t<div class=\"elementor-element elementor-element-4908066 elementor-widget elementor-widget-text-editor\" data-id=\"4908066\" data-element_type=\"widget\" data-widget_type=\"text-editor.default\">\n\t\t\t\t\t\t\t\t\t<p>Udzielenie informacji publicznej<br \/>Na podstawie art. 13 Rozporz\u0105dzenia Parlamentu Europejskiego i Rady (UE) 2016\/679 z\u00a0dnia 27 kwietnia 2016 roku w\u00a0sprawie ochrony os\u00f3b fizycznych w zwi\u0105zku z przetwarzaniem danych osobowych i\u00a0w\u00a0sprawie swobodnego przep\u0142ywu takich danych oraz uchylenia dyrektywy 95\/46\/WE (RODO), informujemy \u017ce:<br \/>1. Administratorem przesy\u0142anych danych jest: Zaoczne Liceum Og\u00f3lnokszta\u0142c\u0105ce \u201eBeta\u201d w Gdyni, ul. 10 Lutego 26, 81- 364 Gdynia.<br \/>2. Celem przetwarzania Pa\u0144stwa danych osobowych jest realizacja obowi\u0105zku prawnego, za\u015b podstaw\u0105 prawn\u0105 przetwarzania jest Ustawa z dnia 6 wrze\u015bnia 2001 r. o dost\u0119pie do informacji publicznej.<br \/>3. Pa\u0144stwa dane osobowe s\u0105 zabezpieczone zgodnie z obowi\u0105zuj\u0105cymi przepisami, a ich odbiorcami mog\u0105 by\u0107 podmioty uprawnione do ujawnienia im danych na mocy przepis\u00f3w prawa oraz podmioty przetwarzaj\u0105ce dane osobowe w ramach \u015bwiadczenia us\u0142ug dla administratora.<br \/>4. Nie przewiduje si\u0119 przekazywania Pa\u0144stwa danych do pa\u0144stw spoza Europejskiego Obszaru Gospodarczego lub instytucji mi\u0119dzynarodowych ani przetwarzania danych osobowych w celu innym ni\u017c cel, w kt\u00f3rym dane osobowe zosta\u0142y zebrane.<br \/>5. Decyzje dotycz\u0105ce Pa\u0144stwa danych osobowych nie b\u0119d\u0105 podejmowane w spos\u00f3b zautomatyzowany.<br \/>6. Pa\u0144stwa dane osobowe b\u0119d\u0105 przechowywane przez 5 lat od dnia odpowiedzi na wniosek o udzielenie informacji publicznej.<br \/>7. Macie Pa\u0144stwo prawo do: ochrony Waszych danych osobowych, informacji o zasadach ich przetwarzania, dost\u0119pu do nich i uzyskania ich kopii, sprostowania, wniesienia skargi do Prezesa Urz\u0119du Ochrony Danych Osobowych, ograniczenia przetwarzania oraz powiadomienia ka\u017cdego odbiorc\u0119 o sprostowaniu lub ograniczeniu przetwarzania. Przys\u0142uguje tak\u017ce Pa\u0144stwu prawo do niepodlegania zautomatyzowanemu przetwarzaniu Waszych danych oraz prawo do odszkodowania za szkod\u0119 maj\u0105tkow\u0105 lub niemaj\u0105tkow\u0105 w wyniku naruszenia przepis\u00f3w RODO.<\/p>\t\t\t\t\t\t\t\t<\/div>\n\t\t\t\t\t<\/div>\n\t\t\t\t<\/div>\n\t\t\t\t<\/div>\n\t\t\t\t\t<\/div>\n\t\t<\/div>\n\t\t\t\t\t\t<\/div>\n\t\t\t\t\t<\/div>\n\t\t\t\t<\/div>\n\t\t\t\t<\/div>\n\t\t","protected":false},"excerpt":{"rendered":"<p>POLITYKA PRYWATNO\u015aCI OCHRONA DANYCH OSOBOWYCH INFORMACJA PUBLICZNA Z dniem 25 maja 2018 roku zacz\u0119\u0142y obowi\u0105zywa\u0107 nowe przepisy o ochronie danych osobowych (RODO). W zwi\u0105zku z tym pragniemy poinformowa\u0107 o zasadach przetwarzania danych osobowych przez nasz\u0105 szko\u0142\u0119.Dok\u0142adamy wszelkich stara\u0144 w celu ochrony danych przed nieuprawnionym dost\u0119pem, modyfikacj\u0105 czy zniszczeniem, a tak\u017ce regularnie sprawdzamy zgodno\u015b\u0107 naszychproces\u00f3w z [&hellip;]<\/p>\n","protected":false},"author":1,"featured_media":0,"parent":0,"menu_order":0,"comment_status":"closed","ping_status":"closed","template":"","meta":{"footnotes":""},"class_list":["post-31","page","type-page","status-publish","hentry","entry"],"_links":{"self":[{"href":"https:\/\/liceumbeta.pl\/index.php\/wp-json\/wp\/v2\/pages\/31","targetHints":{"allow":["GET"]}}],"collection":[{"href":"https:\/\/liceumbeta.pl\/index.php\/wp-json\/wp\/v2\/pages"}],"about":[{"href":"https:\/\/liceumbeta.pl\/index.php\/wp-json\/wp\/v2\/types\/page"}],"author":[{"embeddable":true,"href":"https:\/\/liceumbeta.pl\/index.php\/wp-json\/wp\/v2\/users\/1"}],"replies":[{"embeddable":true,"href":"https:\/\/liceumbeta.pl\/index.php\/wp-json\/wp\/v2\/comments?post=31"}],"version-history":[{"count":16,"href":"https:\/\/liceumbeta.pl\/index.php\/wp-json\/wp\/v2\/pages\/31\/revisions"}],"predecessor-version":[{"id":216,"href":"https:\/\/liceumbeta.pl\/index.php\/wp-json\/wp\/v2\/pages\/31\/revisions\/216"}],"wp:attachment":[{"href":"https:\/\/liceumbeta.pl\/index.php\/wp-json\/wp\/v2\/media?parent=31"}],"curies":[{"name":"wp","href":"https:\/\/api.w.org\/{rel}","templated":true}]}}