{"id":27,"date":"2025-09-30T20:20:47","date_gmt":"2025-09-30T19:20:47","guid":{"rendered":"https:\/\/liceumbeta.pl\/?page_id=27"},"modified":"2025-10-22T18:54:35","modified_gmt":"2025-10-22T17:54:35","slug":"plan-zajec","status":"publish","type":"page","link":"https:\/\/liceumbeta.pl\/index.php\/plan-zajec\/","title":{"rendered":"PLAN ZAJ\u0118\u0106"},"content":{"rendered":"\t\t<div data-elementor-type=\"wp-page\" data-elementor-id=\"27\" class=\"elementor elementor-27\">\n\t\t\t\t<div class=\"elementor-element elementor-element-f2ae192 e-flex e-con-boxed e-con e-parent\" data-id=\"f2ae192\" data-element_type=\"container\">\n\t\t\t\t\t<div class=\"e-con-inner\">\n\t\t\t\t<div class=\"elementor-element elementor-element-5ea54be elementor-widget elementor-widget-heading\" data-id=\"5ea54be\" data-element_type=\"widget\" data-widget_type=\"heading.default\">\n\t\t\t\t\t<h2 class=\"elementor-heading-title elementor-size-default\">TERMINARZE<\/h2>\t\t\t\t<\/div>\n\t\t\t\t\t<\/div>\n\t\t\t\t<\/div>\n\t\t<div class=\"elementor-element elementor-element-3966dce e-flex e-con-boxed e-con e-parent\" data-id=\"3966dce\" data-element_type=\"container\">\n\t\t\t\t\t<div class=\"e-con-inner\">\n\t\t\t\t<div class=\"elementor-element elementor-element-bcae689 elementor-widget elementor-widget-spacer\" data-id=\"bcae689\" data-element_type=\"widget\" data-widget_type=\"spacer.default\">\n\t\t\t\t\t\t\t<div class=\"elementor-spacer\">\n\t\t\t<div class=\"elementor-spacer-inner\"><\/div>\n\t\t<\/div>\n\t\t\t\t\t\t<\/div>\n\t\t\t\t\t<\/div>\n\t\t\t\t<\/div>\n\t\t<div class=\"elementor-element elementor-element-64acbe7 e-flex e-con-boxed e-con e-parent\" data-id=\"64acbe7\" data-element_type=\"container\">\n\t\t\t\t\t<div class=\"e-con-inner\">\n\t\t\t\t<div class=\"elementor-element elementor-element-4546835 elementor-align-center elementor-widget elementor-widget-button\" data-id=\"4546835\" data-element_type=\"widget\" data-widget_type=\"button.default\">\n\t\t\t\t\t\t\t\t\t\t<a class=\"elementor-button elementor-button-link elementor-size-sm\" href=\"http:\/\/liceumbeta.pl\/wp-content\/uploads\/2025\/10\/TERMINARZ-ZJAZDOW-IX-2025-I-2026.pdf\">\n\t\t\t\t\t\t<span class=\"elementor-button-content-wrapper\">\n\t\t\t\t\t\t\t\t\t<span class=\"elementor-button-text\">TERMINARZ OG\u00d3LNY<\/span>\n\t\t\t\t\t<\/span>\n\t\t\t\t\t<\/a>\n\t\t\t\t\t\t\t\t<\/div>\n\t\t\t\t\t<\/div>\n\t\t\t\t<\/div>\n\t\t<div class=\"elementor-element elementor-element-7a629a6 e-flex e-con-boxed e-con e-parent\" data-id=\"7a629a6\" data-element_type=\"container\">\n\t\t\t\t\t<div class=\"e-con-inner\">\n\t\t<div class=\"elementor-element elementor-element-899c8d6 e-con-full e-flex e-con e-child\" data-id=\"899c8d6\" data-element_type=\"container\">\n\t\t\t\t<div class=\"elementor-element elementor-element-0662b8e elementor-widget elementor-widget-heading\" data-id=\"0662b8e\" data-element_type=\"widget\" data-widget_type=\"heading.default\">\n\t\t\t\t\t<h2 class=\"elementor-heading-title elementor-size-default\">PLANY ZAJ\u0118\u0106<\/h2>\t\t\t\t<\/div>\n\t\t\t\t<\/div>\n\t\t\t\t\t<\/div>\n\t\t\t\t<\/div>\n\t\t<div class=\"elementor-element elementor-element-2f9bafb e-flex e-con-boxed e-con e-parent\" data-id=\"2f9bafb\" data-element_type=\"container\">\n\t\t\t\t\t<div class=\"e-con-inner\">\n\t\t<div class=\"elementor-element elementor-element-f736c9e e-con-full e-flex e-con e-child\" data-id=\"f736c9e\" data-element_type=\"container\">\n\t\t\t\t<div class=\"elementor-element elementor-element-3cd6b73 elementor-align-justify elementor-widget elementor-widget-button\" data-id=\"3cd6b73\" data-element_type=\"widget\" data-widget_type=\"button.default\">\n\t\t\t\t\t\t\t\t\t\t<a class=\"elementor-button elementor-button-link elementor-size-sm elementor-animation-shrink\" href=\"#\">\n\t\t\t\t\t\t<span class=\"elementor-button-content-wrapper\">\n\t\t\t\t\t\t\t\t\t<span class=\"elementor-button-text\">PIERWSZY SEMESTR<\/span>\n\t\t\t\t\t<\/span>\n\t\t\t\t\t<\/a>\n\t\t\t\t\t\t\t\t<\/div>\n\t\t\t\t<\/div>\n\t\t<div class=\"elementor-element elementor-element-eb05c97 e-con-full e-flex e-con e-child\" data-id=\"eb05c97\" data-element_type=\"container\">\n\t\t\t\t<div class=\"elementor-element elementor-element-5f2b05e elementor-align-justify elementor-widget elementor-widget-button\" data-id=\"5f2b05e\" data-element_type=\"widget\" data-widget_type=\"button.default\">\n\t\t\t\t\t\t\t\t\t\t<a class=\"elementor-button elementor-button-link elementor-size-sm elementor-animation-shrink\" href=\"#\">\n\t\t\t\t\t\t<span class=\"elementor-button-content-wrapper\">\n\t\t\t\t\t\t\t\t\t<span class=\"elementor-button-text\">DRUGI SEMESTR<\/span>\n\t\t\t\t\t<\/span>\n\t\t\t\t\t<\/a>\n\t\t\t\t\t\t\t\t<\/div>\n\t\t\t\t<\/div>\n\t\t<div class=\"elementor-element elementor-element-ce87a9b e-con-full e-flex e-con e-child\" data-id=\"ce87a9b\" data-element_type=\"container\">\n\t\t\t\t<div class=\"elementor-element elementor-element-a5cd4fc elementor-align-justify elementor-widget elementor-widget-button\" data-id=\"a5cd4fc\" data-element_type=\"widget\" data-widget_type=\"button.default\">\n\t\t\t\t\t\t\t\t\t\t<a class=\"elementor-button elementor-button-link elementor-size-sm elementor-animation-shrink\" href=\"http:\/\/liceumbeta.pl\/wp-content\/uploads\/2025\/10\/sem.-3.pdf\">\n\t\t\t\t\t\t<span class=\"elementor-button-content-wrapper\">\n\t\t\t\t\t\t\t\t\t<span class=\"elementor-button-text\">TRZECI SEMESTR<\/span>\n\t\t\t\t\t<\/span>\n\t\t\t\t\t<\/a>\n\t\t\t\t\t\t\t\t<\/div>\n\t\t\t\t<\/div>\n\t\t<div class=\"elementor-element elementor-element-dfc764b e-con-full e-flex e-con e-child\" data-id=\"dfc764b\" data-element_type=\"container\">\n\t\t\t\t<div class=\"elementor-element elementor-element-67e8aa0 elementor-align-justify elementor-widget elementor-widget-button\" data-id=\"67e8aa0\" data-element_type=\"widget\" data-widget_type=\"button.default\">\n\t\t\t\t\t\t\t\t\t\t<a class=\"elementor-button elementor-button-link elementor-size-sm elementor-animation-shrink\" href=\"#\">\n\t\t\t\t\t\t<span class=\"elementor-button-content-wrapper\">\n\t\t\t\t\t\t\t\t\t<span class=\"elementor-button-text\">CZWARTY SEMESTR<\/span>\n\t\t\t\t\t<\/span>\n\t\t\t\t\t<\/a>\n\t\t\t\t\t\t\t\t<\/div>\n\t\t\t\t<\/div>\n\t\t<div class=\"elementor-element elementor-element-f034bb4 e-con-full e-flex e-con e-child\" data-id=\"f034bb4\" data-element_type=\"container\">\n\t\t\t\t<div class=\"elementor-element elementor-element-7b43c45 elementor-align-justify elementor-widget elementor-widget-button\" data-id=\"7b43c45\" data-element_type=\"widget\" data-widget_type=\"button.default\">\n\t\t\t\t\t\t\t\t\t\t<a class=\"elementor-button elementor-button-link elementor-size-sm elementor-animation-shrink\" href=\"http:\/\/liceumbeta.pl\/wp-content\/uploads\/2025\/10\/sem.5.pdf\">\n\t\t\t\t\t\t<span class=\"elementor-button-content-wrapper\">\n\t\t\t\t\t\t\t\t\t<span class=\"elementor-button-text\">PI\u0104TY SEMESTR<\/span>\n\t\t\t\t\t<\/span>\n\t\t\t\t\t<\/a>\n\t\t\t\t\t\t\t\t<\/div>\n\t\t\t\t<\/div>\n\t\t<div class=\"elementor-element elementor-element-8a57ed7 e-con-full e-flex e-con e-child\" data-id=\"8a57ed7\" data-element_type=\"container\">\n\t\t\t\t<div class=\"elementor-element elementor-element-743e8dd elementor-align-justify elementor-widget elementor-widget-button\" data-id=\"743e8dd\" data-element_type=\"widget\" data-widget_type=\"button.default\">\n\t\t\t\t\t\t\t\t\t\t<a class=\"elementor-button elementor-button-link elementor-size-sm elementor-animation-shrink\" href=\"http:\/\/liceumbeta.pl\/wp-content\/uploads\/2025\/10\/sem.6.pdf\">\n\t\t\t\t\t\t<span class=\"elementor-button-content-wrapper\">\n\t\t\t\t\t\t\t\t\t<span class=\"elementor-button-text\">SZ\u00d3STY SEMESTR<\/span>\n\t\t\t\t\t<\/span>\n\t\t\t\t\t<\/a>\n\t\t\t\t\t\t\t\t<\/div>\n\t\t\t\t<\/div>\n\t\t\t\t\t<\/div>\n\t\t\t\t<\/div>\n\t\t<div class=\"elementor-element elementor-element-48589f6 e-flex e-con-boxed e-con e-parent\" data-id=\"48589f6\" data-element_type=\"container\">\n\t\t\t\t\t<div class=\"e-con-inner\">\n\t\t<div class=\"elementor-element elementor-element-c21d84a e-con-full e-flex e-con e-child\" data-id=\"c21d84a\" data-element_type=\"container\">\n\t\t\t\t<div class=\"elementor-element elementor-element-e5f787e elementor-align-justify elementor-widget elementor-widget-button\" data-id=\"e5f787e\" data-element_type=\"widget\" data-widget_type=\"button.default\">\n\t\t\t\t\t\t\t\t\t\t<a class=\"elementor-button elementor-button-link elementor-size-sm elementor-animation-shrink\" href=\"http:\/\/liceumbeta.pl\/wp-content\/uploads\/2025\/10\/sem.7.pdf\">\n\t\t\t\t\t\t<span class=\"elementor-button-content-wrapper\">\n\t\t\t\t\t\t\t\t\t<span class=\"elementor-button-text\">SI\u00d3DMY SEMESTR<\/span>\n\t\t\t\t\t<\/span>\n\t\t\t\t\t<\/a>\n\t\t\t\t\t\t\t\t<\/div>\n\t\t\t\t<\/div>\n\t\t<div class=\"elementor-element elementor-element-a5aa4ee e-con-full e-flex e-con e-child\" data-id=\"a5aa4ee\" data-element_type=\"container\">\n\t\t\t\t<div class=\"elementor-element elementor-element-d56c727 elementor-align-justify elementor-widget elementor-widget-button\" data-id=\"d56c727\" data-element_type=\"widget\" data-widget_type=\"button.default\">\n\t\t\t\t\t\t\t\t\t\t<a class=\"elementor-button elementor-button-link elementor-size-sm elementor-animation-shrink\" href=\"http:\/\/liceumbeta.pl\/wp-content\/uploads\/2025\/10\/sem.8.pdf\">\n\t\t\t\t\t\t<span class=\"elementor-button-content-wrapper\">\n\t\t\t\t\t\t\t\t\t<span class=\"elementor-button-text\">\u00d3SMY SEMESTR<\/span>\n\t\t\t\t\t<\/span>\n\t\t\t\t\t<\/a>\n\t\t\t\t\t\t\t\t<\/div>\n\t\t\t\t<\/div>\n\t\t\t\t\t<\/div>\n\t\t\t\t<\/div>\n\t\t\t\t<\/div>\n\t\t","protected":false},"excerpt":{"rendered":"<p>TERMINARZE TERMINARZ OG\u00d3LNY PLANY ZAJ\u0118\u0106 PIERWSZY SEMESTR DRUGI SEMESTR TRZECI SEMESTR CZWARTY SEMESTR PI\u0104TY SEMESTR SZ\u00d3STY SEMESTR SI\u00d3DMY SEMESTR \u00d3SMY SEMESTR<\/p>\n","protected":false},"author":1,"featured_media":0,"parent":0,"menu_order":0,"comment_status":"closed","ping_status":"closed","template":"","meta":{"footnotes":""},"class_list":["post-27","page","type-page","status-publish","hentry","entry"],"_links":{"self":[{"href":"https:\/\/liceumbeta.pl\/index.php\/wp-json\/wp\/v2\/pages\/27","targetHints":{"allow":["GET"]}}],"collection":[{"href":"https:\/\/liceumbeta.pl\/index.php\/wp-json\/wp\/v2\/pages"}],"about":[{"href":"https:\/\/liceumbeta.pl\/index.php\/wp-json\/wp\/v2\/types\/page"}],"author":[{"embeddable":true,"href":"https:\/\/liceumbeta.pl\/index.php\/wp-json\/wp\/v2\/users\/1"}],"replies":[{"embeddable":true,"href":"https:\/\/liceumbeta.pl\/index.php\/wp-json\/wp\/v2\/comments?post=27"}],"version-history":[{"count":103,"href":"https:\/\/liceumbeta.pl\/index.php\/wp-json\/wp\/v2\/pages\/27\/revisions"}],"predecessor-version":[{"id":309,"href":"https:\/\/liceumbeta.pl\/index.php\/wp-json\/wp\/v2\/pages\/27\/revisions\/309"}],"wp:attachment":[{"href":"https:\/\/liceumbeta.pl\/index.php\/wp-json\/wp\/v2\/media?parent=27"}],"curies":[{"name":"wp","href":"https:\/\/api.w.org\/{rel}","templated":true}]}}